{"id":83,"date":"2019-09-08T13:30:20","date_gmt":"2019-09-08T13:30:20","guid":{"rendered":"https:\/\/gruene-selters.de\/?page_id=83"},"modified":"2026-02-12T10:29:26","modified_gmt":"2026-02-12T10:29:26","slug":"kontakt","status":"publish","type":"page","link":"https:\/\/gruene-selters.de\/?page_id=83","title":{"rendered":"Kontakt"},"content":{"rendered":"\n<p><strong>Miteinander gr\u00fcn gestalten<\/strong><\/p>\n\n\n\n<p>Wir legen gro\u00dfen Wert auf einen b\u00fcrgernahen Austausch und freuen uns, wenn Du mehr \u00fcber uns, unsere Intention oder unsere gr\u00fcne Arbeit erfahren m\u00f6chtest. Auch f\u00fcr Deine Anregungen oder W\u00fcnsche haben wir ein offenes Ohr &#8211; Melde Dich gerne bei uns!<\/p>\n\n\n\n<div class=\"comment-respond mb-5\">\n\t<h2 id=\"contact-form-title\" class=\"text-center h1\">Kontaktformular<\/h2>\t<form id=\"sunflower-contact-form\" method=\"post\" class=\"row\">\n\t<input type=\"hidden\" id=\"_wpnonce\" name=\"_wpnonce\" value=\"fcfde90269\" \/><input type=\"hidden\" name=\"_wp_http_referer\" value=\"\/index.php?rest_route=%2Fwp%2Fv2%2Fpages%2F83\" \/>\n\t<div class=\"col-12 col-md-6\">\n\t\t<p class=\"comment-form-comment\">\n\t\t\t<label for=\"message\">Nachricht <span class=\"required\">*<\/span><\/label>\n\t\t\t<textarea id=\"message\" name=\"message\" cols=\"45\" rows=\"8\" maxlength=\"2000\" required=\"required\"><\/textarea>\n\t\t<\/p>\n\t\t<p class=\"small\">Bitte f\u00fclle alle Pflichtfelder (<span class=\"required\">*<\/span>) aus.<\/p>\n\t\t<p class=\"small\">\n\t\tMit der Nutzung dieses Formulars erkl\u00e4rst du dich mit der Speicherung und Verarbeitung deiner Daten durch diese Website einverstanden. \n\t\tWeiteres entnimm bitte unserer  <a href=\"#\" id=\"privacy_policy_url\">Datenschutzerkl\u00e4rung<\/a>\t\t\t.\n\t\t<\/p>\n\t<\/div>\n\t<div class=\"col-12 col-md-6\"><p class=\"comment-form-author\">\n\t\t<label for=\"name\">Name<\/label>\n\t\t<input id=\"name\" name=\"name\" type=\"text\" value=\"\" size=\"30\" maxlength=\"245\"\/>\n\n\t\t<\/p>\n\t\t<p class=\"comment-form-email\">\n\t\t\t<label for=\"mail\">\n\t\t\tE-Mail\t\t\t<\/label>\n\t\t\t<input id=\"mail\" name=\"mail\" type=\"email\" value=\"\" size=\"30\" maxlength=\"100\" \/>\n\t\t<\/p>\n\t\t\t\t<p class=\"comment-form-email\">\n\t\t\t<label for=\"captcha\">Was ist 1 + 1? <span class=\"required\">*<\/span><\/label>\n\t\t\t<input id=\"captcha\" name=\"captcha\" type=\"text\" value=\"\" size=\"30\" maxlength=\"100\" required=\"required\"\/>\n\t\t<\/p>\n\n\t<\/div>\n\n\t\t\n\t\t<p class=\"form-submit\">\n\t\t\t<input name=\"submit\" type=\"submit\" id=\"submit\" class=\"submit\" value=\"absenden\"\/>\n\t\t<\/p>\n\t\t<div id=\"form-error\" class=\"bg-danger p-4 text-white\" style=\"display:none;\"><\/div>\n\t<\/form>\n<\/div>\n\n\n\n<ul class=\"wp-block-social-links is-style-pill-shape is-layout-flex wp-block-social-links-is-layout-flex\"><li class=\"wp-social-link wp-social-link-facebook  wp-block-social-link\"><a href=\"https:\/\/www.facebook.com\/GrueneSelters\" class=\"wp-block-social-link-anchor\"><svg width=\"24\" height=\"24\" viewBox=\"0 0 24 24\" version=\"1.1\" xmlns=\"http:\/\/www.w3.org\/2000\/svg\" aria-hidden=\"true\" focusable=\"false\"><path d=\"M12 2C6.5 2 2 6.5 2 12c0 5 3.7 9.1 8.4 9.9v-7H7.9V12h2.5V9.8c0-2.5 1.5-3.9 3.8-3.9 1.1 0 2.2.2 2.2.2v2.5h-1.3c-1.2 0-1.6.8-1.6 1.6V12h2.8l-.4 2.9h-2.3v7C18.3 21.1 22 17 22 12c0-5.5-4.5-10-10-10z\"><\/path><\/svg><span class=\"wp-block-social-link-label screen-reader-text\">Facebook<\/span><\/a><\/li><\/ul>\n\n\n\n<p><\/p>\n\n\n\n<p><strong>B\u00dcNDNIS 90\/DIE GR\u00dcNEN<\/strong><br><strong>Ortsverband Selters Taunus<\/strong><br>Tannenhof&nbsp;<br>65618 Selters (Taunus)<br>M&nbsp;<a href=\"#\" data-unscramble=\"ed.sretles-eneurg@ofni\">info@gruene-selters.de<\/a>&nbsp;<br>W&nbsp;<a aria-label=\" (\u00f6ffnet in neuem Tab)\" href=\"http:\/\/www.gruene-selters.de\/\" target=\"_blank\" rel=\"noreferrer noopener\">www.gruene-selters.de<\/a><\/p>\n\n\n\n<p><\/p>\n","protected":false},"excerpt":{"rendered":"<p>Miteinander gr\u00fcn gestalten Wir legen gro\u00dfen Wert auf einen b\u00fcrgernahen Austausch und freuen uns, wenn Du mehr \u00fcber uns, unsere Intention oder unsere gr\u00fcne Arbeit erfahren m\u00f6chtest. Auch f\u00fcr Deine [&hellip;]<\/p>\n","protected":false},"author":1,"featured_media":0,"parent":0,"menu_order":0,"comment_status":"closed","ping_status":"closed","template":"","meta":{"footnotes":""},"class_list":["post-83","page","type-page","status-publish","hentry"],"_links":{"self":[{"href":"https:\/\/gruene-selters.de\/index.php?rest_route=\/wp\/v2\/pages\/83","targetHints":{"allow":["GET"]}}],"collection":[{"href":"https:\/\/gruene-selters.de\/index.php?rest_route=\/wp\/v2\/pages"}],"about":[{"href":"https:\/\/gruene-selters.de\/index.php?rest_route=\/wp\/v2\/types\/page"}],"author":[{"embeddable":true,"href":"https:\/\/gruene-selters.de\/index.php?rest_route=\/wp\/v2\/users\/1"}],"replies":[{"embeddable":true,"href":"https:\/\/gruene-selters.de\/index.php?rest_route=%2Fwp%2Fv2%2Fcomments&post=83"}],"version-history":[{"count":20,"href":"https:\/\/gruene-selters.de\/index.php?rest_route=\/wp\/v2\/pages\/83\/revisions"}],"predecessor-version":[{"id":730,"href":"https:\/\/gruene-selters.de\/index.php?rest_route=\/wp\/v2\/pages\/83\/revisions\/730"}],"wp:attachment":[{"href":"https:\/\/gruene-selters.de\/index.php?rest_route=%2Fwp%2Fv2%2Fmedia&parent=83"}],"curies":[{"name":"wp","href":"https:\/\/api.w.org\/{rel}","templated":true}]}}