{"id":724,"date":"2026-02-12T10:15:07","date_gmt":"2026-02-12T10:15:07","guid":{"rendered":"https:\/\/gruene-selters.de\/?page_id=724"},"modified":"2026-05-07T14:13:04","modified_gmt":"2026-05-07T14:13:04","slug":"deine-gruenenfraktion","status":"publish","type":"page","link":"https:\/\/gruene-selters.de\/?page_id=724","title":{"rendered":"Deine Gr\u00fcnen in den Gremien"},"content":{"rendered":"\n<p class=\"has-weiss-color has-hellgruen-background-color has-text-color has-background has-link-color wp-elements-9f5e860e8ba7176c241dede6736469da\">Politik wird von Menschen gemacht. Wer und was hinter der gr\u00fcnen Fraktion in Selters (Taunus) steckt m\u00f6chten wir Dir hier vorstellen.<\/p>\n\n\n\n<div style=\"height:15px\" aria-hidden=\"true\" class=\"wp-block-spacer\"><\/div>\n\n\n\n<p>Zun\u00e4chst, nachdem jetzt das endg\u00fcltige Wahlergebnis bekannt gemacht wurde, hier die Verteilung unserer Kandidaten. Wir sind mit einem Sitz im Gemeindevorstand vertreten. In der Gemeindevertretung sind wir mit starken 3 Sitzen dabei und in den Ortsbeir\u00e4ten sind wir mit je einem Sitz in den Ortsteilen Eisenbach, M\u00fcnster und Haintchen vertreten.<\/p>\n\n\n\n<p><\/p>\n\n\n\n<h2 class=\"wp-block-heading\">Gemeindevorstand<\/h2>\n\n\n\n<p><\/p>\n\n\n\n<figure class=\"wp-block-image size-full is-resized wp-duotone-unset-1\"><img loading=\"lazy\" decoding=\"async\" width=\"468\" height=\"454\" src=\"https:\/\/gruene-selters.de\/wp-content\/uploads\/2026\/03\/Ursula.jpg\" alt=\"\" class=\"wp-image-989\" style=\"aspect-ratio:1.0308430431802604;width:178px;height:auto\" srcset=\"https:\/\/gruene-selters.de\/wp-content\/uploads\/2026\/03\/Ursula.jpg 468w, https:\/\/gruene-selters.de\/wp-content\/uploads\/2026\/03\/Ursula-400x388.jpg 400w\" sizes=\"auto, (max-width: 468px) 100vw, 468px\" \/><figcaption class=\"wp-element-caption\">Ursula Bausenwein<\/figcaption><\/figure>\n\n\n\n<div style=\"height:40px\" aria-hidden=\"true\" class=\"wp-block-spacer\"><\/div>\n\n\n\n<h2 class=\"wp-block-heading\">Gemeindevertretung <\/h2>\n\n\n\n<figure class=\"wp-block-image size-full is-resized\"><img loading=\"lazy\" decoding=\"async\" width=\"565\" height=\"334\" src=\"https:\/\/gruene-selters.de\/wp-content\/uploads\/2026\/05\/Gemeindevertretung-2026.jpg\" alt=\"\" class=\"wp-image-1138\" style=\"width:535px;height:auto\" srcset=\"https:\/\/gruene-selters.de\/wp-content\/uploads\/2026\/05\/Gemeindevertretung-2026.jpg 565w, https:\/\/gruene-selters.de\/wp-content\/uploads\/2026\/05\/Gemeindevertretung-2026-400x236.jpg 400w\" sizes=\"auto, (max-width: 565px) 100vw, 565px\" \/><\/figure>\n\n\n\n<div style=\"height:40px\" aria-hidden=\"true\" class=\"wp-block-spacer\"><\/div>\n\n\n\n<h2 class=\"wp-block-heading\"> Ortsbeir\u00e4te <\/h2>\n\n\n\n<p>Eisenbach &#8211; Peter Schnierer<\/p>\n\n\n\n<p>M\u00fcnster &#8211; Stephan Richter<\/p>\n\n\n\n<p>Haintchen &#8211; Alexandra Knau<\/p>\n\n\n\n<p><\/p>\n\n\n\n<p>Sprecht uns gerne jederzeit an. Wir sind f\u00fcr eure Ideen, W\u00fcnsche und nat\u00fcrlich auch f\u00fcr eure Probleme da, denn unser Wahlkampfslogan gilt&#8230;<\/p>\n\n\n\n<figure class=\"wp-block-image size-full is-resized\"><img loading=\"lazy\" decoding=\"async\" width=\"744\" height=\"117\" src=\"https:\/\/gruene-selters.de\/wp-content\/uploads\/2026\/05\/jetzt.jpg\" alt=\"\" class=\"wp-image-1141\" style=\"width:765px;height:auto\" srcset=\"https:\/\/gruene-selters.de\/wp-content\/uploads\/2026\/05\/jetzt.jpg 744w, https:\/\/gruene-selters.de\/wp-content\/uploads\/2026\/05\/jetzt-400x63.jpg 400w\" sizes=\"auto, (max-width: 744px) 100vw, 744px\" \/><\/figure>\n\n\n\n<p><\/p>\n","protected":false},"excerpt":{"rendered":"<p>Politik wird von Menschen gemacht. Wer und was hinter der gr\u00fcnen Fraktion in Selters (Taunus) steckt m\u00f6chten wir Dir hier vorstellen. Zun\u00e4chst, nachdem jetzt das endg\u00fcltige Wahlergebnis bekannt gemacht wurde, [&hellip;]<\/p>\n","protected":false},"author":7,"featured_media":0,"parent":0,"menu_order":0,"comment_status":"closed","ping_status":"closed","template":"","meta":{"footnotes":""},"class_list":["post-724","page","type-page","status-publish","hentry"],"_links":{"self":[{"href":"https:\/\/gruene-selters.de\/index.php?rest_route=\/wp\/v2\/pages\/724","targetHints":{"allow":["GET"]}}],"collection":[{"href":"https:\/\/gruene-selters.de\/index.php?rest_route=\/wp\/v2\/pages"}],"about":[{"href":"https:\/\/gruene-selters.de\/index.php?rest_route=\/wp\/v2\/types\/page"}],"author":[{"embeddable":true,"href":"https:\/\/gruene-selters.de\/index.php?rest_route=\/wp\/v2\/users\/7"}],"replies":[{"embeddable":true,"href":"https:\/\/gruene-selters.de\/index.php?rest_route=%2Fwp%2Fv2%2Fcomments&post=724"}],"version-history":[{"count":15,"href":"https:\/\/gruene-selters.de\/index.php?rest_route=\/wp\/v2\/pages\/724\/revisions"}],"predecessor-version":[{"id":1143,"href":"https:\/\/gruene-selters.de\/index.php?rest_route=\/wp\/v2\/pages\/724\/revisions\/1143"}],"wp:attachment":[{"href":"https:\/\/gruene-selters.de\/index.php?rest_route=%2Fwp%2Fv2%2Fmedia&parent=724"}],"curies":[{"name":"wp","href":"https:\/\/api.w.org\/{rel}","templated":true}]}}