{"id":582,"date":"2026-02-07T15:49:09","date_gmt":"2026-02-07T15:49:09","guid":{"rendered":"https:\/\/gruene-selters.de\/?page_id=582"},"modified":"2026-05-07T14:38:31","modified_gmt":"2026-05-07T14:38:31","slug":"aktuelles","status":"publish","type":"page","link":"https:\/\/gruene-selters.de\/?page_id=582","title":{"rendered":"Aktionen und Termine"},"content":{"rendered":"\n<div style=\"height:40px\" aria-hidden=\"true\" class=\"wp-block-spacer\"><\/div>\n\n\n\n<h2 class=\"wp-block-heading\">Stadtradeln mit dem Team &#8222;Sonnenblume&#8220;<\/h2>\n\n\n\n<p>Mach mit beim STADTRADELN! Tritt vom 3. &#8211; 23. Mai 2026 mit unserem Team f\u00fcr Selters (Taunus) in die Pedale und f\u00f6rdere gemeinsam Radverkehr, Klimaschutz und Lebensqualit\u00e4t. Jeder Kilometer z\u00e4hlt &#8211; sei dabei und mach den Unterschied! <\/p>\n\n\n\n<figure class=\"wp-block-image size-full is-resized\"><a href=\"https:\/\/www.stadtradeln.de\"><img loading=\"lazy\" decoding=\"async\" width=\"567\" height=\"142\" src=\"https:\/\/gruene-selters.de\/wp-content\/uploads\/2026\/04\/Stadtradeln_laengs_gruen_RGB_72dpi-1.jpg\" alt=\"\" class=\"wp-image-1090\" style=\"width:426px;height:auto\" srcset=\"https:\/\/gruene-selters.de\/wp-content\/uploads\/2026\/04\/Stadtradeln_laengs_gruen_RGB_72dpi-1.jpg 567w, https:\/\/gruene-selters.de\/wp-content\/uploads\/2026\/04\/Stadtradeln_laengs_gruen_RGB_72dpi-1-400x100.jpg 400w\" sizes=\"auto, (max-width: 567px) 100vw, 567px\" \/><\/a><\/figure>\n\n\n\n<p>Melde dich in unserem Team &#8222;Sonnenblume&#8220; an und fahr mit &#8211; wir freuen uns \u00fcber jeden gr\u00fcnen Kilometer.<\/p>\n\n\n\n<p>P.S.: Positiver Nebeneffekt &#8211; mit dem RADar!-Button in der Stadtradeln-App Problemstellen f\u00fcr RadfahrerInnen melden<\/p>\n\n\n\n<p class=\"has-small-font-size\">STADTRADELN ist eine internationale Kampagne von Klima-B\u00fcndnis Services.<\/p>\n\n\n\n<div style=\"height:40px\" aria-hidden=\"true\" class=\"wp-block-spacer\"><\/div>\n\n\n\n<h2 class=\"wp-block-heading\">Petition der Gr\u00fcnen Jugend Hessen<\/h2>\n\n\n\n<p>Wir unterst\u00fctzen das Engagement der Gr\u00fcnen Jugend, um mindestens den Status Quo zu halten.  Zudem sehen wir im Gegenteil zu den geplanten K\u00fcrzungen einen Bedarf an h\u00f6heren Mitteln, um Defizite in unserer Schullandschaft auszugleichen und Verbesserungen f\u00fcr Sch\u00fclerInnen und Lehrkr\u00e4fte voranzubringen.<\/p>\n\n\n\n<p><a href=\"https:\/\/gruene-selters.de\/?page_id=83\" data-type=\"page\" data-id=\"83\">Gibt es Defizite an unserer Schule in Selters (Taunus)?<\/a>  <\/p>\n\n\n\n<figure class=\"wp-block-image size-full\"><a href=\"https:\/\/www.openpetition.de\/petition\/online\/keine-kuerzungen-an-hessens-schulen\"><img loading=\"lazy\" decoding=\"async\" width=\"587\" height=\"395\" src=\"https:\/\/gruene-selters.de\/wp-content\/uploads\/2026\/03\/Petition.jpg\" alt=\"\" class=\"wp-image-934\" srcset=\"https:\/\/gruene-selters.de\/wp-content\/uploads\/2026\/03\/Petition.jpg 587w, https:\/\/gruene-selters.de\/wp-content\/uploads\/2026\/03\/Petition-400x269.jpg 400w\" sizes=\"auto, (max-width: 587px) 100vw, 587px\" \/><\/a><\/figure>\n\n\n\n<p><\/p>\n\n\n\n<h2 class=\"wp-block-heading\">Petition und Engagement des Bundesverbandes der Gr\u00fcnen<\/h2>\n\n\n\n<p>Liebe Freund*innen,&nbsp;<\/p>\n\n\n\n<p>Katherina Reiche will den Ausbau der Erneuerbaren radikal ausbremsen. Jetzt ist der Moment, um Druck aufzubauen und diese Pl\u00e4ne der Bundesregierung zu stoppen, denn noch ist nichts beschlossen. Deshalb haben wir als Bundesverband einen Aufruf gestartet, den innerhalb von 24 Stunden schon mehr als 50.000 Menschen unterst\u00fctzen. Aber das reicht uns noch nicht, hilf uns die Energiewende zu retten und&nbsp;<strong><a href=\"https:\/\/deref-web.de\/mail\/client\/LmXoOGqFL2k\/dereferrer\/?redirectUrl=https%3A%2F%2Fdabeisein.gruene.de%2Fforms%2Fkatherina-reiche-zerstort-die-energiewende-und-macht-uns-abhangig-rette-die-erneuerbaren-energien-mit-uns%3Fsource%3Ddirect_link%26\" target=\"_blank\" rel=\"noreferrer noopener\">unterzeichne jetzt hier<\/a>.&nbsp;<\/strong><\/p>\n\n\n\n<p>Eigentlich hat Bundeskanzler Friedrich Merz versprochen, Infrastrukturprojekte wie den Ausbau unserer Energienetze schneller zu planen und fit f\u00fcr die Zukunft zu machen. Jetzt legt Wirtschaftsministerin Katherina Reiche mit dem neuen \u201eNetzpaket\u201c einen Vorschlag vor, der das exakte Gegenteil bewirkt: So sollen bereits existierende Ausbaupl\u00e4ne pl\u00f6tzlich gestoppt, der Einspeisevorrang sowie die Einspeiseverg\u00fctung gestrichen werden. Zusammen mit der Einspeiseverg\u00fctung und verl\u00e4sslichen Netzanschl\u00fcssen \u2013 etwa f\u00fcr Solar-, Windenergie- und Biomasseanlagen \u2013 war all dies die verl\u00e4ssliche Grundlage daf\u00fcr, dass erneuerbare Energien in Deutschland so erfolgreich wurden. Wenn dieses Netzpaket tats\u00e4chlich zum Gesetz wird, haben alle, die mit viel Einsatz und privatem Geld in gr\u00fcnen Strom investieren, k\u00fcnftig keine Gewissheit mehr, ob ihr erzeugter Strom \u00fcberhaupt noch verg\u00fctet wird.&nbsp;<\/p>\n\n\n\n<p><strong>Gerade jetzt, wo wir uns aus fossilen Abh\u00e4ngigkeiten und von Importen, etwa aus den USA mit Pr\u00e4sident Trump, unabh\u00e4ngig machen sollten, wird klar: Erneuerbare Energien sind als Friedensenergien das Gebot der Stunde. Wind-, Solar- und naturvertr\u00e4gliche Biomasseenergie sowie Speicher sind die beste Versicherung f\u00fcr Klimaschutz, Energiesicherheit und Unabh\u00e4ngigkeit von Diktatoren und Autokraten.&nbsp;<\/strong><\/p>\n\n\n\n<p>Genau dann, wenn es darum geht, neue Impulse f\u00fcr die wirtschaftliche Entwicklung und den Klimaschutz zusammen zu schaffen, k\u00f6nnen wir uns eine solche Blockadepolitik nicht leisten. Statt erneuerbare Energien in die W\u00fcste zu schicken, brauchen wir endlich Planungsbeschleunigung und konsequente Digitalisierung der Energienetze, insbesondere der Verteilnetze. Es muss sich f\u00fcr die Netzbetreiber lohnen, schnell anzuschlie\u00dfen, diese Verteilnetze weiter auszubauen und zu digitalisieren. Wir GR\u00dcNE haben in der letzten Bundesregierung gezeigt, dass eine Beschleunigung bei den \u00dcbertragungsnetzen m\u00f6glich ist. Es kann nicht sein, dass Wirtschaftsministerin Reiche nun stattdessen daf\u00fcr sorgt, dass die gesamte Energiewirtschaft monatelange Unsicherheit und das Handwerk enorme Auftragseinbr\u00fcche erleben werden.&nbsp;<\/p>\n\n\n\n<p>Au\u00dferdem laden wir dich am&nbsp;<strong>Freitag, den 13. Februar um 18 Uhr<\/strong>&nbsp;zu einem Eil-Webinar ein, in dem wir Expert*innen, Verb\u00e4nde, Industrie und Politik zusammenbringen, um zu verstehen, was genau in diesem \u201cNetzpaket\u201d steckt und welche Folgen es h\u00e4tte. Mit dabei sind neben unserem Bundesvorsitzenden Felix Banaszak und stellvertretender Bundesvorsitzenden Sven Giegold, Ursula Heinen-Esser &#8211; Pr\u00e4sidentin des Bundesverbandes Erneuerbare Energie e.V., Tim Meyer &#8211; Energiemanager und Autor, Valerie Lange &#8211; Leitung Energiepolitik und Regulierung beim B\u00fcndnis B\u00fcrgerenergie e.V. (angefragt) sowie Michael Bloss, MdEP. Wir wollen mit dir diskutieren, wie wir gemeinsam handeln k\u00f6nnen, um CDU, CSU und SPD von diesem Plan abzuhalten.&nbsp;Hier geht es zu den Aufzeichnungen:<\/p>\n\n\n\n<ul class=\"wp-block-list\">\n<li><strong>Video:&nbsp;<\/strong><a href=\"https:\/\/deref-web.de\/mail\/client\/qx142FLayzM\/dereferrer\/?redirectUrl=https%3A%2F%2Fcgpw8.r.a.d.sendibm1.com%2Fmk%2Fcl%2Ff%2Fsh%2F1t6Af4OiGsDg0isMMF5rwi75M2p6VL%2Fe4WF41gAf858\" target=\"_blank\" rel=\"noreferrer noopener\"><u><strong>https:\/\/www.youtube.com\/watch?v=IAnzD0SewtY&amp;t=12s<\/strong><\/u><\/a><\/li>\n\n\n\n<li><strong>Podcast:&nbsp;<\/strong><a href=\"https:\/\/deref-web.de\/mail\/client\/GRiCL1qEVUE\/dereferrer\/?redirectUrl=https%3A%2F%2Fcgpw8.r.a.d.sendibm1.com%2Fmk%2Fcl%2Ff%2Fsh%2F1t6Af4OiGsE8LR4mkbBn6yAujrnqDP%2FrHcVQG4SwxBy\" target=\"_blank\" rel=\"noreferrer noopener\"><u><strong>https:\/\/europecalling.podigee.io\/252-rettet-die-erneuerbaren<\/strong><\/u><\/a><\/li>\n<\/ul>\n\n\n\n<p>Gemeinsam k\u00f6nnen wir verhindern, dass die erneuerbaren Energien ausgebremst werden \u2013 und daf\u00fcr sorgen, dass Deutschland klimaneutral, zukunftsf\u00e4hig und unabh\u00e4ngig von Autokraten und Diktatoren wird.&nbsp;<\/p>\n\n\n\n<p>Herzliche Gr\u00fc\u00dfe<br>Euer Bundesvorstand&nbsp;<\/p>\n\n\n\n<p>**  **  **<\/p>\n\n\n\n<h2 class=\"wp-block-heading\">Petition f\u00fcr \u00d6ffentliche Verkehrsmittel, die gut ankommen.<\/h2>\n\n\n\n<p><\/p>\n\n\n\n<figure class=\"wp-block-image size-large is-resized\"><a href=\"https:\/\/actionnetwork.org\/forms\/schluss-mit-frust\" target=\"_blank\" rel=\" noreferrer noopener\"><img loading=\"lazy\" decoding=\"async\" width=\"800\" height=\"1000\" src=\"https:\/\/gruene-selters.de\/wp-content\/uploads\/2026\/02\/2026-02-07_petition_gruene-hessen-schluss-mit-frust-800x1000.png\" alt=\"\" class=\"wp-image-583\" style=\"width:531px;height:auto\" srcset=\"https:\/\/gruene-selters.de\/wp-content\/uploads\/2026\/02\/2026-02-07_petition_gruene-hessen-schluss-mit-frust-800x1000.png 800w, https:\/\/gruene-selters.de\/wp-content\/uploads\/2026\/02\/2026-02-07_petition_gruene-hessen-schluss-mit-frust-400x500.png 400w, https:\/\/gruene-selters.de\/wp-content\/uploads\/2026\/02\/2026-02-07_petition_gruene-hessen-schluss-mit-frust-768x960.png 768w, https:\/\/gruene-selters.de\/wp-content\/uploads\/2026\/02\/2026-02-07_petition_gruene-hessen-schluss-mit-frust.png 1080w\" sizes=\"auto, (max-width: 800px) 100vw, 800px\" \/><\/a><\/figure>\n\n\n\n<p><\/p>\n\n\n\n<p><\/p>\n","protected":false},"excerpt":{"rendered":"<p>Stadtradeln mit dem Team &#8222;Sonnenblume&#8220; Mach mit beim STADTRADELN! Tritt vom 3. &#8211; 23. Mai 2026 mit unserem Team f\u00fcr Selters (Taunus) in die Pedale und f\u00f6rdere gemeinsam Radverkehr, Klimaschutz [&hellip;]<\/p>\n","protected":false},"author":7,"featured_media":0,"parent":0,"menu_order":0,"comment_status":"closed","ping_status":"closed","template":"","meta":{"footnotes":""},"class_list":["post-582","page","type-page","status-publish","hentry"],"_links":{"self":[{"href":"https:\/\/gruene-selters.de\/index.php?rest_route=\/wp\/v2\/pages\/582","targetHints":{"allow":["GET"]}}],"collection":[{"href":"https:\/\/gruene-selters.de\/index.php?rest_route=\/wp\/v2\/pages"}],"about":[{"href":"https:\/\/gruene-selters.de\/index.php?rest_route=\/wp\/v2\/types\/page"}],"author":[{"embeddable":true,"href":"https:\/\/gruene-selters.de\/index.php?rest_route=\/wp\/v2\/users\/7"}],"replies":[{"embeddable":true,"href":"https:\/\/gruene-selters.de\/index.php?rest_route=%2Fwp%2Fv2%2Fcomments&post=582"}],"version-history":[{"count":9,"href":"https:\/\/gruene-selters.de\/index.php?rest_route=\/wp\/v2\/pages\/582\/revisions"}],"predecessor-version":[{"id":1145,"href":"https:\/\/gruene-selters.de\/index.php?rest_route=\/wp\/v2\/pages\/582\/revisions\/1145"}],"wp:attachment":[{"href":"https:\/\/gruene-selters.de\/index.php?rest_route=%2Fwp%2Fv2%2Fmedia&parent=582"}],"curies":[{"name":"wp","href":"https:\/\/api.w.org\/{rel}","templated":true}]}}