{"id":564,"date":"2026-02-07T13:23:47","date_gmt":"2026-02-07T13:23:47","guid":{"rendered":"https:\/\/gruene-selters.de\/?page_id=564"},"modified":"2026-03-26T22:21:35","modified_gmt":"2026-03-26T22:21:35","slug":"kommunalwahl-2026-2","status":"publish","type":"page","link":"https:\/\/gruene-selters.de\/?page_id=564","title":{"rendered":"Kommunalwahl 2026"},"content":{"rendered":"\n<p class=\"has-medium-font-size\"><\/p>\n\n\n\n<figure class=\"wp-block-image alignfull size-full\"><img loading=\"lazy\" decoding=\"async\" width=\"528\" height=\"659\" src=\"https:\/\/gruene-selters.de\/wp-content\/uploads\/2026\/03\/Danke.jpg\" alt=\"\" class=\"wp-image-1004\" srcset=\"https:\/\/gruene-selters.de\/wp-content\/uploads\/2026\/03\/Danke.jpg 528w, https:\/\/gruene-selters.de\/wp-content\/uploads\/2026\/03\/Danke-400x499.jpg 400w\" sizes=\"auto, (max-width: 528px) 100vw, 528px\" \/><\/figure>\n\n\n\n<p><\/p>\n\n\n\n<p><\/p>\n\n\n\n<p><\/p>\n\n\n\n<p class=\"has-text-align-center has-dunkelgruen-color has-text-color has-link-color has-x-large-font-size wp-elements-03271f2762cce2fdc220f950404b400d\"><strong><a href=\"https:\/\/gruene-selters.de\/?page_id=724\" data-type=\"page\" data-id=\"724\">Wir stehen f\u00fcr GR\u00dcN!<\/a><\/strong><\/p>\n\n\n\n<h2 class=\"wp-block-heading has-text-align-center has-hellgruen-color has-text-color has-link-color has-x-large-font-size wp-elements-b5b52055beeb4c15d51adf67d4aeaa25\"><em>Ihr habt gew\u00e4hlt:<\/em><\/h2>\n\n\n\n<figure class=\"wp-block-image alignfull size-large\"><img loading=\"lazy\" decoding=\"async\" width=\"800\" height=\"227\" src=\"https:\/\/gruene-selters.de\/wp-content\/uploads\/2026\/03\/Amtl-Gemeindewahl-800x227.jpg\" alt=\"\" class=\"wp-image-1006\" srcset=\"https:\/\/gruene-selters.de\/wp-content\/uploads\/2026\/03\/Amtl-Gemeindewahl-800x227.jpg 800w, https:\/\/gruene-selters.de\/wp-content\/uploads\/2026\/03\/Amtl-Gemeindewahl-400x113.jpg 400w, https:\/\/gruene-selters.de\/wp-content\/uploads\/2026\/03\/Amtl-Gemeindewahl-768x218.jpg 768w, https:\/\/gruene-selters.de\/wp-content\/uploads\/2026\/03\/Amtl-Gemeindewahl.jpg 998w\" sizes=\"auto, (max-width: 800px) 100vw, 800px\" \/><\/figure>\n\n\n\n<figure class=\"wp-block-image alignfull size-large\"><img loading=\"lazy\" decoding=\"async\" width=\"800\" height=\"467\" src=\"https:\/\/gruene-selters.de\/wp-content\/uploads\/2026\/03\/Gemeindewahl-ges-800x467.jpg\" alt=\"\" class=\"wp-image-1007\" srcset=\"https:\/\/gruene-selters.de\/wp-content\/uploads\/2026\/03\/Gemeindewahl-ges-800x467.jpg 800w, https:\/\/gruene-selters.de\/wp-content\/uploads\/2026\/03\/Gemeindewahl-ges-400x233.jpg 400w, https:\/\/gruene-selters.de\/wp-content\/uploads\/2026\/03\/Gemeindewahl-ges-768x448.jpg 768w, https:\/\/gruene-selters.de\/wp-content\/uploads\/2026\/03\/Gemeindewahl-ges.jpg 915w\" sizes=\"auto, (max-width: 800px) 100vw, 800px\" \/><\/figure>\n\n\n\n<figure class=\"wp-block-image alignfull size-large\"><img loading=\"lazy\" decoding=\"async\" width=\"800\" height=\"382\" src=\"https:\/\/gruene-selters.de\/wp-content\/uploads\/2026\/03\/Gemeindewahl-gruen-800x382.jpg\" alt=\"\" class=\"wp-image-1008\" srcset=\"https:\/\/gruene-selters.de\/wp-content\/uploads\/2026\/03\/Gemeindewahl-gruen-800x382.jpg 800w, https:\/\/gruene-selters.de\/wp-content\/uploads\/2026\/03\/Gemeindewahl-gruen-400x191.jpg 400w, https:\/\/gruene-selters.de\/wp-content\/uploads\/2026\/03\/Gemeindewahl-gruen-768x366.jpg 768w, https:\/\/gruene-selters.de\/wp-content\/uploads\/2026\/03\/Gemeindewahl-gruen.jpg 939w\" sizes=\"auto, (max-width: 800px) 100vw, 800px\" \/><\/figure>\n\n\n\n<div style=\"height:100px\" aria-hidden=\"true\" class=\"wp-block-spacer\"><\/div>\n\n\n\n<figure class=\"wp-block-image alignfull size-large\"><img loading=\"lazy\" decoding=\"async\" width=\"800\" height=\"665\" src=\"https:\/\/gruene-selters.de\/wp-content\/uploads\/2026\/03\/Niederselters-800x665.jpg\" alt=\"\" class=\"wp-image-1010\" srcset=\"https:\/\/gruene-selters.de\/wp-content\/uploads\/2026\/03\/Niederselters-800x665.jpg 800w, https:\/\/gruene-selters.de\/wp-content\/uploads\/2026\/03\/Niederselters-400x332.jpg 400w, https:\/\/gruene-selters.de\/wp-content\/uploads\/2026\/03\/Niederselters-768x638.jpg 768w, https:\/\/gruene-selters.de\/wp-content\/uploads\/2026\/03\/Niederselters.jpg 998w\" sizes=\"auto, (max-width: 800px) 100vw, 800px\" \/><\/figure>\n\n\n\n<div style=\"height:40px\" aria-hidden=\"true\" class=\"wp-block-spacer\"><\/div>\n\n\n\n<figure class=\"wp-block-image size-large\"><img loading=\"lazy\" decoding=\"async\" width=\"800\" height=\"148\" src=\"https:\/\/gruene-selters.de\/wp-content\/uploads\/2026\/03\/eisenbach-1-800x148.jpg\" alt=\"\" class=\"wp-image-1011\" srcset=\"https:\/\/gruene-selters.de\/wp-content\/uploads\/2026\/03\/eisenbach-1-800x148.jpg 800w, https:\/\/gruene-selters.de\/wp-content\/uploads\/2026\/03\/eisenbach-1-400x74.jpg 400w, https:\/\/gruene-selters.de\/wp-content\/uploads\/2026\/03\/eisenbach-1-768x142.jpg 768w, https:\/\/gruene-selters.de\/wp-content\/uploads\/2026\/03\/eisenbach-1.jpg 999w\" sizes=\"auto, (max-width: 800px) 100vw, 800px\" \/><\/figure>\n\n\n\n<figure class=\"wp-block-image alignfull size-large\"><img loading=\"lazy\" decoding=\"async\" width=\"800\" height=\"238\" src=\"https:\/\/gruene-selters.de\/wp-content\/uploads\/2026\/03\/eisenbach-2-800x238.jpg\" alt=\"\" class=\"wp-image-1012\" srcset=\"https:\/\/gruene-selters.de\/wp-content\/uploads\/2026\/03\/eisenbach-2-800x238.jpg 800w, https:\/\/gruene-selters.de\/wp-content\/uploads\/2026\/03\/eisenbach-2-400x119.jpg 400w, https:\/\/gruene-selters.de\/wp-content\/uploads\/2026\/03\/eisenbach-2-768x229.jpg 768w, https:\/\/gruene-selters.de\/wp-content\/uploads\/2026\/03\/eisenbach-2.jpg 998w\" sizes=\"auto, (max-width: 800px) 100vw, 800px\" \/><\/figure>\n\n\n\n<figure class=\"wp-block-image alignfull size-large\"><img loading=\"lazy\" decoding=\"async\" width=\"800\" height=\"123\" src=\"https:\/\/gruene-selters.de\/wp-content\/uploads\/2026\/03\/eisenbach-3-800x123.jpg\" alt=\"\" class=\"wp-image-1013\" srcset=\"https:\/\/gruene-selters.de\/wp-content\/uploads\/2026\/03\/eisenbach-3-800x123.jpg 800w, https:\/\/gruene-selters.de\/wp-content\/uploads\/2026\/03\/eisenbach-3-400x61.jpg 400w, https:\/\/gruene-selters.de\/wp-content\/uploads\/2026\/03\/eisenbach-3-768x118.jpg 768w, https:\/\/gruene-selters.de\/wp-content\/uploads\/2026\/03\/eisenbach-3.jpg 992w\" sizes=\"auto, (max-width: 800px) 100vw, 800px\" \/><\/figure>\n\n\n\n<div style=\"height:40px\" aria-hidden=\"true\" class=\"wp-block-spacer\"><\/div>\n\n\n\n<figure class=\"wp-block-image alignfull size-large\"><img loading=\"lazy\" decoding=\"async\" width=\"800\" height=\"368\" src=\"https:\/\/gruene-selters.de\/wp-content\/uploads\/2026\/03\/muenster-1-800x368.jpg\" alt=\"\" class=\"wp-image-1014\" srcset=\"https:\/\/gruene-selters.de\/wp-content\/uploads\/2026\/03\/muenster-1-800x368.jpg 800w, https:\/\/gruene-selters.de\/wp-content\/uploads\/2026\/03\/muenster-1-400x184.jpg 400w, https:\/\/gruene-selters.de\/wp-content\/uploads\/2026\/03\/muenster-1-768x354.jpg 768w, https:\/\/gruene-selters.de\/wp-content\/uploads\/2026\/03\/muenster-1.jpg 973w\" sizes=\"auto, (max-width: 800px) 100vw, 800px\" \/><\/figure>\n\n\n\n<figure class=\"wp-block-image alignfull size-large\"><img loading=\"lazy\" decoding=\"async\" width=\"800\" height=\"122\" src=\"https:\/\/gruene-selters.de\/wp-content\/uploads\/2026\/03\/muenster-2-800x122.jpg\" alt=\"\" class=\"wp-image-1015\" srcset=\"https:\/\/gruene-selters.de\/wp-content\/uploads\/2026\/03\/muenster-2-800x122.jpg 800w, https:\/\/gruene-selters.de\/wp-content\/uploads\/2026\/03\/muenster-2-400x61.jpg 400w, https:\/\/gruene-selters.de\/wp-content\/uploads\/2026\/03\/muenster-2-768x117.jpg 768w, https:\/\/gruene-selters.de\/wp-content\/uploads\/2026\/03\/muenster-2.jpg 974w\" sizes=\"auto, (max-width: 800px) 100vw, 800px\" \/><\/figure>\n\n\n\n<div style=\"height:40px\" aria-hidden=\"true\" class=\"wp-block-spacer\"><\/div>\n\n\n\n<figure class=\"wp-block-image alignfull size-large\"><img loading=\"lazy\" decoding=\"async\" width=\"800\" height=\"313\" src=\"https:\/\/gruene-selters.de\/wp-content\/uploads\/2026\/03\/haintchen-1-800x313.jpg\" alt=\"\" class=\"wp-image-1016\" srcset=\"https:\/\/gruene-selters.de\/wp-content\/uploads\/2026\/03\/haintchen-1-800x313.jpg 800w, https:\/\/gruene-selters.de\/wp-content\/uploads\/2026\/03\/haintchen-1-400x156.jpg 400w, https:\/\/gruene-selters.de\/wp-content\/uploads\/2026\/03\/haintchen-1-768x300.jpg 768w, https:\/\/gruene-selters.de\/wp-content\/uploads\/2026\/03\/haintchen-1.jpg 970w\" sizes=\"auto, (max-width: 800px) 100vw, 800px\" \/><\/figure>\n\n\n\n<figure class=\"wp-block-image alignfull size-large\"><img loading=\"lazy\" decoding=\"async\" width=\"800\" height=\"153\" src=\"https:\/\/gruene-selters.de\/wp-content\/uploads\/2026\/03\/haintchen-2-800x153.jpg\" alt=\"\" class=\"wp-image-1017\" srcset=\"https:\/\/gruene-selters.de\/wp-content\/uploads\/2026\/03\/haintchen-2-800x153.jpg 800w, https:\/\/gruene-selters.de\/wp-content\/uploads\/2026\/03\/haintchen-2-400x76.jpg 400w, https:\/\/gruene-selters.de\/wp-content\/uploads\/2026\/03\/haintchen-2-768x147.jpg 768w, https:\/\/gruene-selters.de\/wp-content\/uploads\/2026\/03\/haintchen-2.jpg 984w\" sizes=\"auto, (max-width: 800px) 100vw, 800px\" \/><\/figure>\n","protected":false},"excerpt":{"rendered":"<p>Wir stehen f\u00fcr GR\u00dcN! Ihr habt gew\u00e4hlt:<\/p>\n","protected":false},"author":7,"featured_media":0,"parent":0,"menu_order":0,"comment_status":"closed","ping_status":"closed","template":"","meta":{"footnotes":""},"class_list":["post-564","page","type-page","status-publish","hentry"],"_links":{"self":[{"href":"https:\/\/gruene-selters.de\/index.php?rest_route=\/wp\/v2\/pages\/564","targetHints":{"allow":["GET"]}}],"collection":[{"href":"https:\/\/gruene-selters.de\/index.php?rest_route=\/wp\/v2\/pages"}],"about":[{"href":"https:\/\/gruene-selters.de\/index.php?rest_route=\/wp\/v2\/types\/page"}],"author":[{"embeddable":true,"href":"https:\/\/gruene-selters.de\/index.php?rest_route=\/wp\/v2\/users\/7"}],"replies":[{"embeddable":true,"href":"https:\/\/gruene-selters.de\/index.php?rest_route=%2Fwp%2Fv2%2Fcomments&post=564"}],"version-history":[{"count":26,"href":"https:\/\/gruene-selters.de\/index.php?rest_route=\/wp\/v2\/pages\/564\/revisions"}],"predecessor-version":[{"id":1024,"href":"https:\/\/gruene-selters.de\/index.php?rest_route=\/wp\/v2\/pages\/564\/revisions\/1024"}],"wp:attachment":[{"href":"https:\/\/gruene-selters.de\/index.php?rest_route=%2Fwp%2Fv2%2Fmedia&parent=564"}],"curies":[{"name":"wp","href":"https:\/\/api.w.org\/{rel}","templated":true}]}}