{"id":3,"date":"2019-08-08T13:13:44","date_gmt":"2019-08-08T13:13:44","guid":{"rendered":"https:\/\/gruene-selters.de\/?page_id=3"},"modified":"2026-01-26T19:46:13","modified_gmt":"2026-01-26T19:46:13","slug":"privacy-policy","status":"publish","type":"page","link":"https:\/\/gruene-selters.de\/?page_id=3","title":{"rendered":"Datenschutzerkl\u00e4rung"},"content":{"rendered":"\n<p>Der Schutz Deiner pers\u00f6nlichen Daten ist uns ein besonderes Anliegen. Wir verarbeiten Deine Daten daher ausschlie\u00dflich auf Grundlage der gesetzlichen Bestimmungen (EU-Datenschutzgrundverordnung, Telemediengesetz). In diesen Datenschutzinformationen informieren wir Dich \u00fcber die wichtigsten Aspekte der Datenverarbeitung im Rahmen unserer Website.<\/p>\n\n\n\n<h3 class=\"wp-block-heading\">Pers\u00f6nliche Daten<\/h3>\n\n\n\n<p>Pers\u00f6nliche Daten, die Du bei B\u00dcNDNIS 90\/DIE GR\u00dcNEN, Ortsverband Selters\/Taunus elektronisch \u00fcbermittelst, z.B. Deinen Namen, Postanschrift, E-Mail-Adresse oder andere pers\u00f6nlichen Angaben, werden von uns nur zum jeweils angegebenen Zweck verwendet, sicher verwahrt und nicht an Dritte weitergegeben. B\u00dcNDNIS 90\/DIE GR\u00dcNEN Bundesgesch\u00e4ftsstelle wird Dir nur Informationen zuschicken, sofern Du dich f\u00fcr entsprechende Dienste angemeldet hast.<br><\/p>\n\n\n\n<h3 class=\"wp-block-heading\"><strong>Kontakt mit uns<\/strong><\/h3>\n\n\n\n<p>Wenn Du per Formular auf der Website oder per E-Mail Kontakt mit uns aufnimmst, werden Deine angegebenen Daten zwecks Bearbeitung der Anfrage und f\u00fcr den Fall von Anschlussfragen sechs Monate bei uns gespeichert.<br><\/p>\n\n\n\n<h3 class=\"wp-block-heading\"><strong>Datenl\u00f6schung und Speicherung<\/strong><\/h3>\n\n\n\n<p>Deine personenbezogenen Daten werden gel\u00f6scht oder gesperrt, sobald der Zweck der Speicherung entf\u00e4llt. Eine l\u00e4ngere Speicherung kann dann erfolgen, wenn der L\u00f6schung eine gesetzliche Aufbewahrungsfrist z.B. entsprechend des Parteienrechts entgegensteht. Eine Weitergabe an Dritte erfolgt nicht.<br><\/p>\n\n\n\n<h3 class=\"wp-block-heading\"><strong>Rechtsgrundlage<\/strong><\/h3>\n\n\n\n<p>Die Datenverarbeitung erfolgt auf Basis der gesetzlichen Bestimmungen und folgender Rechtsgrundlagen gem\u00e4\u00df Artikel 6 Abs. 1 der Europ\u00e4ischen Datenschutz-Grundverordnung:<\/p>\n\n\n\n<ul class=\"wp-block-list\">\n<li>Einwilligung<\/li>\n\n\n\n<li>Vertragserf\u00fcllung oder vorvertragliche Ma\u00dfnahmen<\/li>\n\n\n\n<li>rechtliche Verpflichtungen<\/li>\n\n\n\n<li>Zur Wahrung eines berechtigten Interesses. Die schutzw\u00fcrdigen Interessen der Betroffenen \u00fcberwiegen das erstgenannte Interesse nicht.<\/li>\n<\/ul>\n\n\n\n<p>Unser Anliegen im Sinne der DSGVO (berechtigtes Interesse) ist die Verbesserung unseres Angebotes und unseres Webauftritts. Da uns die Privatsph\u00e4re unserer Nutzer wichtig ist, werden die Nutzerdaten pseudonymisiert. Die Daten werden von uns f\u00fcr ein Jahr zu Nutzungsanalysezwecken gespeichert. Deine IP-Adresse wird bei diesem Vorgang umgehend anonymisiert, so dass Du als Nutzer f\u00fcr uns anonym bleibst. Die durch den Cookie erzeugten Informationen \u00fcber Deine Benutzung dieser Webseite werden nicht an Dritte weiter gegeben.<br><\/p>\n\n\n\n<h3 class=\"wp-block-heading\"><strong>Verwendung von Cookies<\/strong><\/h3>\n\n\n\n<p>Unsere Website verwendet so genannte Cookies. Dabei handelt es sich um kleine Textdateien, die mit Hilfe des Browsers auf Deinem Endger\u00e4t abgelegt werden. Sie richten keinen Schaden an.<\/p>\n\n\n\n<p>Wir nutzen Cookies dazu, unser Angebot nutzerfreundlich zu gestalten. Einige Cookies bleiben auf Deinem Endger\u00e4t gespeichert, bis Du diese l\u00f6schst. Sie erm\u00f6glichen es uns, Deinen Browser beim n\u00e4chsten Besuch wiederzuerkennen.<\/p>\n\n\n\n<p>Wenn Du dies nicht w\u00fcnschst, kannst Du Deinen Browser so einrichten, dass er Dich \u00fcber das Setzen von Cookies informiert und Du dies nur im Einzelfall erlauben. Bei der Deaktivierung von Cookies kann die Funktionalit\u00e4t unserer Website eingeschr\u00e4nkt sein.<\/p>\n\n\n\n<p>Netscape, Mozilla, Firefox: -&gt;Bearbeiten -&gt;Einstellungen -&gt;Erweitert -&gt;Cookies<br>Explorer: -&gt;Ansicht -&gt;Internetoptionen -&gt;Erweitert -&gt;Cookies<br><\/p>\n\n\n\n<h3 class=\"wp-block-heading\"><strong>Verwendung von Social Plugins (Facebook, Twitter,&nbsp;<\/strong><strong>Google+<\/strong>)<\/h3>\n\n\n\n<p>Die Webseite gruene.de verwendet mit den \u201eTeilen\u201c Buttons am Anfang der Artikel sogenannte Social Plugins von Facebook, Twitter und Google+. Das Plugin ist mit den entsprechenden Logos gekennzeichnet. Wenn Du dieses Plugin durch Anklicken des jeweiligen Buttons aufrufst, wird eine Verbindung z.B. zu den Facebook-Servern hergestellt. Damit werden Daten an ein au\u00dfereurop\u00e4isches Drittland \u00fcbertragen. Hierdurch wird an den Facebook-Server \u00fcbermittelt, welche unserer Internetseiten Du besucht hast. Bist du dabei als Mitglied bei Facebook eingeloggt, ordnet Facebook diese Information Deinem pers\u00f6nlichen Facebook-Benutzerkonto zu. Beim Anklicken des \u201eEmpfehlen\u201c-Buttons werden diese Informationen Deinem Facebook-Konto zugeordnet, was Du nur durch Ausloggen vor Nutzung des Plugins verhindern kannst. N\u00e4here Informationen zur Erhebung und Nutzung der Daten durch Facebook, \u00fcber Deine diesbez\u00fcglichen Rechte und M\u00f6glichkeiten zum Schutz Deiner Privatsph\u00e4re findest Du in den Datenschutzhinweisen von Facebook.<br><\/p>\n\n\n\n<h3 class=\"wp-block-heading\">Facebook<\/h3>\n\n\n\n<p>Die Webseite greift f\u00fcr den hier angebotenen Informationsdienst auf die technische Plattform und die Dienste der Facebook Ireland Ltd., 4 Grand Canal Square Grand Canal Harbour, Dublin 2, Ireland zur\u00fcck.<\/p>\n\n\n\n<p>Wir weisen Dich darauf hin, dass Du die Facebook-Seite \u201eB\u00dcNDNIS 90\/DIE GR\u00dcNEN\u201c und ihre Funktionen in eigener Verantwortung nutzt. Dies gilt insbesondere f\u00fcr die Nutzung der interaktiven Funktionen (z.B. Kommentieren, Teilen, Bewerten).<\/p>\n\n\n\n<p>Beim Besuch unserer Facebook-Seite erfasst Facebook u.a. Deine IP-Adresse sowie weitere Informationen, die in Form von Cookies auf Deinem PC vorhanden sind. Diese Informationen werden verwendet, um uns als Betreiber der Facebook-Seiten statistische Informationen \u00fcber die Inanspruchnahme der Facebook-Seite zur Verf\u00fcgung zu stellen. N\u00e4here Informationen hierzu stellt Facebook unter folgendem Link zur Verf\u00fcgung:<br><a target=\"_blank\" href=\"http:\/\/de-de.facebook.com\/help\/pages\/insights\" rel=\"noreferrer noopener\">de-de.facebook.com\/help\/pages\/insights<\/a>.<\/p>\n\n\n\n<p>Die in diesem Zusammenhang \u00fcber Dich erhobenen Daten werden von der Facebook Ltd. verarbeitet und dabei gegebenenfalls in L\u00e4nder au\u00dferhalb der Europ\u00e4ischen Union \u00fcbertragen. Welche Informationen Facebook erh\u00e4lt und wie diese verwendet werden, beschreibt Facebook in allgemeiner Form in seinen Datenverwendungsrichtlinien. Dort findest Du auch Informationen \u00fcber Kontaktm\u00f6glichkeiten zu Facebook sowie zu den Einstellm\u00f6glichkeiten f\u00fcr Werbeanzeigen. Die Datenverwendungsrichtlinien sind unter folgendem Link verf\u00fcgbar:&nbsp;<a target=\"_blank\" href=\"http:\/\/de-de.facebook.com\/about\/privacy\" rel=\"noreferrer noopener\">de-de.facebook.com\/about\/privacy<\/a>&nbsp;Die vollst\u00e4ndigen Datenrichtlinien von Facebook findest Du hier:&nbsp;<a target=\"_blank\" href=\"https:\/\/de-de.facebook.com\/full_data_use_policy\" rel=\"noreferrer noopener\">de-de.facebook.com\/full_data_use_policy<\/a><\/p>\n\n\n\n<p>In welcher Weise Facebook die Daten aus dem Besuch von Facebook-Seiten f\u00fcr eigene Zwecke verwendet, in welchem Umfang Aktivit\u00e4ten auf der Facebook-Seite einzelnen Nutzern zugeordnet werden, wie lange Facebook diese Daten speichert und ob Daten aus einem Besuch der Facebook-Seite an Dritte weitergegeben werden, wird von Facebook nicht abschlie\u00dfend und klar benannt und ist uns nicht bekannt.<\/p>\n\n\n\n<p>Beim Zugriff auf eine Facebook-Seite wird die Deinem Endger\u00e4t zugeteilte IP-Adresse an Facebook \u00fcbermittelt. Nach Auskunft von Facebook wird diese IP-Adresse anonymisiert (bei \u201edeutschen\u201c IP-Adressen) und nach 90 Tagen gel\u00f6scht. Facebook speichert dar\u00fcber hinaus Informationen \u00fcber die Endger\u00e4te seiner Nutzer (z.B. im Rahmen der Funktion \u201cAnmeldebenachrichtigung\u201c); gegebenenfalls ist Facebook damit eine Zuordnung von IP-Adressen zu einzelnen Nutzern m\u00f6glich.<\/p>\n\n\n\n<p>Wenn Du als Nutzerin oder Nutzer aktuell bei Facebook angemeldet bist, befindet sich auf Deinem Endger\u00e4t ein Cookie mit Deiner Facebook-Kennung. Dadurch ist Facebook in der Lage nachzuvollziehen, dass Du diese Seite aufgesucht und wie Du sie genutzt hast. Dies gilt auch f\u00fcr alle anderen Facebook-Seiten. \u00dcber in Webseiten eingebundene Facebook-Buttons ist es Facebook m\u00f6glich, Deine Besuche auf diesen Webseiten zu erfassen und Deinem Facebook-Profil zuzuordnen. Anhand dieser Daten k\u00f6nnen Inhalte oder Werbung auf Dich zugeschnitten angeboten werden.<\/p>\n\n\n\n<p>Wenn Du dies vermeiden m\u00f6chtest, solltest Du Dich bei Facebook abmelden bzw. die Funktion \u201eangemeldet bleiben\u201c deaktivieren, die auf Deinem Ger\u00e4t vorhandenen Cookies l\u00f6schen und Deinen Browser beenden und neu starten. Auf diese Weise werden Facebook-Informationen, \u00fcber die Du unmittelbar identifiziert werden k\u00f6nntest, gel\u00f6scht. Damit kannst Du unsere Facebook-Seite nutzen, ohne dass Deine Facebook-Kennung offenbart wird. Wenn Du auf interaktive Funktionen der Seite zugreifst (Gef\u00e4llt mir, Kommentieren, Teilen, Nachrichten etc.), erscheint eine Facebook-Anmeldemaske.<\/p>\n\n\n\n<p>Nach einer etwaigen Anmeldung bist Du f\u00fcr Facebook erneut als bestimmte\/r Nutzer in\/Nutzer erkennbar. Informationen dazu, wie Du \u00fcber Dich vorhandene Informationen verwalten oder l\u00f6schen kannst, findest Du auf folgenden Facebook Support-Seiten: de-de.facebook.com\/about\/privacy<br><\/p>\n\n\n\n<h3 class=\"wp-block-heading\">Links zu anderen Webseiten<\/h3>\n\n\n\n<p>Unser Angebot enth\u00e4lt Links zu externen Webseiten Dritter, auf deren Inhalte wir keinen Einfluss haben. Deshalb k\u00f6nnen wir f\u00fcr diese fremden Inhalte auch keine Gew\u00e4hr \u00fcbernehmen. F\u00fcr die Inhalte der verlinkten Seiten ist stets der jeweilige Anbieter oder Betreiber der Seiten verantwortlich. Die verlinkten Seiten wurden zum Zeitpunkt der Verlinkung auf m\u00f6gliche Rechtsverst\u00f6\u00dfe \u00fcberpr\u00fcft. Rechtswidrige Inhalte waren zum Zeitpunkt der Verlinkung nicht erkennbar. Eine permanente inhaltliche Kontrolle der verlinkten Seiten ist jedoch ohne konkrete Anhaltspunkte einer Rechtsverletzung nicht zumutbar. Bei bekannt werden von Rechtsverletzungen werden wir derartige Links umgehend entfernen.<br><\/p>\n\n\n\n<h3 class=\"wp-block-heading\">Deine Rechte<\/h3>\n\n\n\n<p>Dir stehen grunds\u00e4tzlich die Rechte auf Auskunft, Berichtigung, L\u00f6schung, Einschr\u00e4nkung, Daten\u00fcbertragbarkeit, Widerruf und Widerspruch zu. Wenn Du glaubst, dass die Verarbeitung Deiner Daten gegen das Datenschutzrecht verst\u00f6\u00dft oder Deine datenschutzrechtlichen Anspr\u00fcche sonst in einer Weise verletzt worden sind, kannst Du Dich bei der Aufsichtsbeh\u00f6rde beschweren. In Deutschland sind dies die jeweiligen Landes-Datenschutzbeauftragten.<br><\/p>\n\n\n\n<h3 class=\"wp-block-heading\"><strong>Du erreichst uns unter folgenden Kontaktdaten<\/strong><\/h3>\n\n\n\n<p>E-Mail:\u00a0<a href=\"#\" data-unscramble=\"ed.sretles-eneurg@ofni\">info@gruene-selters.de<\/a><br>Post: B\u00dcNDNIS 90\/DIE GR\u00dcNEN, Ortsverband Selters Taunus, Tannenhof, 65618 Niederselters (Taunus)<\/p>\n","protected":false},"excerpt":{"rendered":"<p>Der Schutz Deiner pers\u00f6nlichen Daten ist uns ein besonderes Anliegen. Wir verarbeiten Deine Daten daher ausschlie\u00dflich auf Grundlage der gesetzlichen Bestimmungen (EU-Datenschutzgrundverordnung, Telemediengesetz). In diesen Datenschutzinformationen informieren wir Dich \u00fcber [&hellip;]<\/p>\n","protected":false},"author":1,"featured_media":0,"parent":0,"menu_order":0,"comment_status":"closed","ping_status":"open","template":"","meta":{"footnotes":""},"class_list":["post-3","page","type-page","status-publish","hentry"],"_links":{"self":[{"href":"https:\/\/gruene-selters.de\/index.php?rest_route=\/wp\/v2\/pages\/3","targetHints":{"allow":["GET"]}}],"collection":[{"href":"https:\/\/gruene-selters.de\/index.php?rest_route=\/wp\/v2\/pages"}],"about":[{"href":"https:\/\/gruene-selters.de\/index.php?rest_route=\/wp\/v2\/types\/page"}],"author":[{"embeddable":true,"href":"https:\/\/gruene-selters.de\/index.php?rest_route=\/wp\/v2\/users\/1"}],"replies":[{"embeddable":true,"href":"https:\/\/gruene-selters.de\/index.php?rest_route=%2Fwp%2Fv2%2Fcomments&post=3"}],"version-history":[{"count":3,"href":"https:\/\/gruene-selters.de\/index.php?rest_route=\/wp\/v2\/pages\/3\/revisions"}],"predecessor-version":[{"id":489,"href":"https:\/\/gruene-selters.de\/index.php?rest_route=\/wp\/v2\/pages\/3\/revisions\/489"}],"wp:attachment":[{"href":"https:\/\/gruene-selters.de\/index.php?rest_route=%2Fwp%2Fv2%2Fmedia&parent=3"}],"curies":[{"name":"wp","href":"https:\/\/api.w.org\/{rel}","templated":true}]}}