{"id":272,"date":"2022-01-19T08:32:59","date_gmt":"2022-01-19T08:32:59","guid":{"rendered":"https:\/\/gruene-selters.de\/?page_id=272"},"modified":"2026-02-17T18:12:13","modified_gmt":"2026-02-17T18:12:13","slug":"startseite","status":"publish","type":"page","link":"https:\/\/gruene-selters.de\/","title":{"rendered":"Willkommen auf der Seite des Ortsverbandes der Gr\u00fcnen f\u00fcr Selters im Taunus!"},"content":{"rendered":"\n<p class=\"has-weiss-color has-hellgruen-background-color has-text-color has-background has-link-color wp-elements-df6c0b3b067f5120ed9259a287740311\"><strong>Selters ist sch\u00f6n, doch wir glauben, es geht besser.<\/strong><\/p>\n\n\n\n<p>Uns gibt es noch nicht lange in Selters, und wir sind frohen Mutes auch weiterhin dazu beitragen zu d\u00fcrfen ein gr\u00fcnes Band zwischen den Ortsteilen, der wundersch\u00f6nen Natur und dem Miteinander kn\u00fcpfen zu k\u00f6nnen. Wir setzen uns f\u00fcr eine nachhaltige und lebenswerte Zukunft ein und engagieren uns f\u00fcr ein Selters, in dem alle Menschen in ihrer gesamten Vielfalt gleichberechtigt am sozialen Leben teilhaben k\u00f6nnen. Mit vielf\u00e4ltigen Projekten und Initiativen m\u00f6chten wir das \u00f6kologische, soziale und kulturelle Leben in Selters st\u00e4rken und verbessern.<\/p>\n\n\n\n<p>Hier wird es alle aktuellen Informationen zu unseren Projekten geben. Aktuell befindet sich die Seite im Umbruch, so dass noch nicht alles sichtbar ist. Wir bem\u00fchen uns eine gro\u00dfe Transparenz zu schaffen. Das dauert ein bisschen. Ein zweiter und dritter Blick auf die Seite wird sich lohnen! <\/p>\n\n\n\n<p>Du hast Fragen oder Anregungen &#8211; schreibt uns gerne eine Email an <a href=\"#\" data-unscramble=\"ed.sretles-eneurg@ofni\" data-type=\"mailto\" data-id=\"#\" data-unscramble=\"ed.sretles-eneurg@ofni\">info@gruene-selters.de<\/a> oder sprich uns einfach an. Wir freuen uns auf den Austausch mit Dir. <\/p>\n\n\n\n<p>Und noch ein Anliegen unsererseits. Noch sind wir wenige und wir w\u00fcrden uns sehr freuen zu wachsen. Deshalb laden wir Dich herzlichst ein unser Wirken und Gestalten in einer n\u00e4chsten Fraktionssitzung kennen zu lernen. Bringe Dich gerne ein, frag uns L\u00f6cher in den Bauch oder komm einfach nur zum Reinschnuppern vorbei. Wir freuen uns auf Dich und darauf Selters aktiv mit Dir zu gestalten. <\/p>\n\n\n\n<p class=\"has-medium-font-size\"><\/p>\n\n\n\n<figure class=\"wp-block-image size-full\"><img loading=\"lazy\" decoding=\"async\" width=\"600\" height=\"200\" src=\"https:\/\/gruene-selters.de\/wp-content\/uploads\/2026\/01\/GemeinsamGehts_Signatur_01.png\" alt=\"Flyer der Gr\u00fcnen Selters Taunus zum Downloaden\" class=\"wp-image-457\" srcset=\"https:\/\/gruene-selters.de\/wp-content\/uploads\/2026\/01\/GemeinsamGehts_Signatur_01.png 600w, https:\/\/gruene-selters.de\/wp-content\/uploads\/2026\/01\/GemeinsamGehts_Signatur_01-400x133.png 400w\" sizes=\"auto, (max-width: 600px) 100vw, 600px\" \/><\/figure>\n\n\n\n<p><\/p>\n","protected":false},"excerpt":{"rendered":"<p>Selters ist sch\u00f6n, doch wir glauben, es geht besser. Uns gibt es noch nicht lange in Selters, und wir sind frohen Mutes auch weiterhin dazu beitragen zu d\u00fcrfen ein gr\u00fcnes [&hellip;]<\/p>\n","protected":false},"author":5,"featured_media":0,"parent":0,"menu_order":0,"comment_status":"closed","ping_status":"closed","template":"","meta":{"footnotes":""},"class_list":["post-272","page","type-page","status-publish","hentry"],"_links":{"self":[{"href":"https:\/\/gruene-selters.de\/index.php?rest_route=\/wp\/v2\/pages\/272","targetHints":{"allow":["GET"]}}],"collection":[{"href":"https:\/\/gruene-selters.de\/index.php?rest_route=\/wp\/v2\/pages"}],"about":[{"href":"https:\/\/gruene-selters.de\/index.php?rest_route=\/wp\/v2\/types\/page"}],"author":[{"embeddable":true,"href":"https:\/\/gruene-selters.de\/index.php?rest_route=\/wp\/v2\/users\/5"}],"replies":[{"embeddable":true,"href":"https:\/\/gruene-selters.de\/index.php?rest_route=%2Fwp%2Fv2%2Fcomments&post=272"}],"version-history":[{"count":25,"href":"https:\/\/gruene-selters.de\/index.php?rest_route=\/wp\/v2\/pages\/272\/revisions"}],"predecessor-version":[{"id":984,"href":"https:\/\/gruene-selters.de\/index.php?rest_route=\/wp\/v2\/pages\/272\/revisions\/984"}],"wp:attachment":[{"href":"https:\/\/gruene-selters.de\/index.php?rest_route=%2Fwp%2Fv2%2Fmedia&parent=272"}],"curies":[{"name":"wp","href":"https:\/\/api.w.org\/{rel}","templated":true}]}}