{"id":101,"date":"2019-09-08T14:18:12","date_gmt":"2019-09-08T14:18:12","guid":{"rendered":"https:\/\/gruene-selters.de\/?page_id=101"},"modified":"2026-02-07T13:11:57","modified_gmt":"2026-02-07T13:11:57","slug":"impressum","status":"publish","type":"page","link":"https:\/\/gruene-selters.de\/?page_id=101","title":{"rendered":"Impressum"},"content":{"rendered":"\n<h3 class=\"wp-block-heading\"><strong>Verantwortlich<\/strong> <\/h3>\n\n\n\n<p>gem\u00e4\u00df \u00a7 5 Telemediengesetz (TMG)<\/p>\n\n\n\n<p>B\u00dcNDNIS 90\/DIE GR\u00dcNEN,&nbsp;<br>Ortsverband Selters Taunus<\/p>\n\n\n\n<p>Peter Schnierer<br>Schriftf\u00fchrer<br>Elisabethenstra\u00dfe 9<br>65618 Selters (Taunus)<br>\u00a0<a href=\"#\" data-unscramble=\"ed.sretles-eneurg@ofni\">info@gruene-selters.de<\/a><\/p>\n\n\n\n<h3 class=\"wp-block-heading\"><strong>Verbreitung der Inhalte<\/strong><\/h3>\n\n\n\n<p>Alle Inhalte von gruene.de werden unter Creative Commons-Lizenz ver\u00f6ffentlicht (Nennung des Urhebers, keine kommerzielle Nutzung). Die Details der Lizenzvereinbarung&nbsp;<a href=\"http:\/\/creativecommons.org\/licenses\/by-nc\/3.0\/de\/\" target=\"_blank\" rel=\"noreferrer noopener\">findest Du hier<\/a>.<\/p>\n\n\n\n<p>Von dieser Regelung ausdr\u00fccklich ausgenommen sind:<\/p>\n\n\n\n<ul class=\"wp-block-list\">\n<li>Fotos und Grafiken (wenn nicht anders gekennzeichnet)<\/li>\n<\/ul>\n\n\n\n<h3 class=\"wp-block-heading\">Bilder und Schriften<\/h3>\n\n\n\n<p>Auf gruene-selters.de werden Bilder von unplash.com sowie eigens erstellten Medien verwendet. Diese unterliegen dem jeweiligen Copyright.<\/p>\n\n\n\n<p>Auf gruene-selters.de werden die Open Source Schriftarten Arvo Gr\u00fcn, Arvo Regular und PT Sans verwendet.<\/p>\n\n\n\n<h3 class=\"wp-block-heading\"><strong>Datenschutz<\/strong><\/h3>\n\n\n\n<p>Wir wissen, dass Du dem Thema Datenschutz gro\u00dfe Bedeutung beimisst. Deshalb ist uns der Schutz Deiner pers\u00f6nlichen Daten ein wichtiges Anliegen.<br>Lies mehr in unserer&nbsp;Datenschutzerkl\u00e4rung.<br><\/p>\n\n\n\n<h3 class=\"wp-block-heading\"><strong>Haftung f\u00fcr Links<\/strong><\/h3>\n\n\n\n<p>Unser Angebot enth\u00e4lt Links zu externen Webseiten Dritter, auf deren Inhalte wir keinen Einfluss haben. Deshalb k\u00f6nnen wir f\u00fcr diese fremden Inhalte auch keine Gew\u00e4hr \u00fcbernehmen. F\u00fcr die Inhalte der verlinkten Seiten ist stets der jeweilige Anbieter oder Betreiber der Seiten verantwortlich. Die verlinkten Seiten wurden zum Zeitpunkt der Verlinkung auf m\u00f6gliche Rechtsverst\u00f6\u00dfe \u00fcberpr\u00fcft. Rechtswidrige Inhalte waren zum Zeitpunkt der Verlinkung nicht erkennbar. Eine permanente inhaltliche Kontrolle der verlinkten Seiten ist jedoch ohne konkrete Anhaltspunkte einer Rechtsverletzung nicht zumutbar. Bei bekannt werden von Rechtsverletzungen werden wir derartige Links umgehend entfernen.<\/p>\n","protected":false},"excerpt":{"rendered":"<p>Verantwortlich gem\u00e4\u00df \u00a7 5 Telemediengesetz (TMG) B\u00dcNDNIS 90\/DIE GR\u00dcNEN,&nbsp;Ortsverband Selters Taunus Peter SchniererSchriftf\u00fchrerElisabethenstra\u00dfe 965618 Selters (Taunus)\u00a0info@gruene-selters.de Verbreitung der Inhalte Alle Inhalte von gruene.de werden unter Creative Commons-Lizenz ver\u00f6ffentlicht (Nennung des [&hellip;]<\/p>\n","protected":false},"author":1,"featured_media":0,"parent":0,"menu_order":0,"comment_status":"closed","ping_status":"closed","template":"","meta":{"footnotes":""},"class_list":["post-101","page","type-page","status-publish","hentry"],"_links":{"self":[{"href":"https:\/\/gruene-selters.de\/index.php?rest_route=\/wp\/v2\/pages\/101","targetHints":{"allow":["GET"]}}],"collection":[{"href":"https:\/\/gruene-selters.de\/index.php?rest_route=\/wp\/v2\/pages"}],"about":[{"href":"https:\/\/gruene-selters.de\/index.php?rest_route=\/wp\/v2\/types\/page"}],"author":[{"embeddable":true,"href":"https:\/\/gruene-selters.de\/index.php?rest_route=\/wp\/v2\/users\/1"}],"replies":[{"embeddable":true,"href":"https:\/\/gruene-selters.de\/index.php?rest_route=%2Fwp%2Fv2%2Fcomments&post=101"}],"version-history":[{"count":7,"href":"https:\/\/gruene-selters.de\/index.php?rest_route=\/wp\/v2\/pages\/101\/revisions"}],"predecessor-version":[{"id":562,"href":"https:\/\/gruene-selters.de\/index.php?rest_route=\/wp\/v2\/pages\/101\/revisions\/562"}],"wp:attachment":[{"href":"https:\/\/gruene-selters.de\/index.php?rest_route=%2Fwp%2Fv2%2Fmedia&parent=101"}],"curies":[{"name":"wp","href":"https:\/\/api.w.org\/{rel}","templated":true}]}}